{"id":266428,"date":"2021-06-01T13:20:45","date_gmt":"2021-06-01T13:20:45","guid":{"rendered":"https:\/\/bookinggravedona.com\/privacy-policy-cookies\/"},"modified":"2021-06-01T13:20:47","modified_gmt":"2021-06-01T13:20:47","slug":"privacy-policy-cookies","status":"publish","type":"page","link":"https:\/\/bookinggravedona.com\/en\/privacy-policy-cookies\/","title":{"rendered":"Privacy Policy &amp; Cookies"},"content":{"rendered":"<p>[et_pb_section fb_built=&#8221;1&#8243; custom_padding_last_edited=&#8221;on|desktop&#8221; _builder_version=&#8221;4.9.4&#8243; background_size=&#8221;initial&#8221; background_repeat=&#8221;repeat&#8221; transform_scale_tablet=&#8221;&#8221; transform_scale_phone=&#8221;&#8221; transform_scale_last_edited=&#8221;on|desktop&#8221; transform_translate_tablet=&#8221;&#8221; transform_translate_phone=&#8221;&#8221; transform_translate_last_edited=&#8221;on|desktop&#8221; transform_rotate_tablet=&#8221;&#8221; transform_rotate_phone=&#8221;&#8221; transform_rotate_last_edited=&#8221;on|desktop&#8221; transform_skew_tablet=&#8221;&#8221; transform_skew_phone=&#8221;&#8221; transform_skew_last_edited=&#8221;on|desktop&#8221; transform_origin_tablet=&#8221;&#8221; transform_origin_phone=&#8221;&#8221; transform_origin_last_edited=&#8221;on|desktop&#8221; transform_styles_last_edited=&#8221;on|desktop&#8221; custom_margin=&#8221;|2%||2%|false|true&#8221; custom_margin_tablet=&#8221;&#8221; custom_margin_phone=&#8221;&#8221; custom_margin_last_edited=&#8221;on|desktop&#8221; custom_padding=&#8221;0px||0px|||&#8221; custom_padding_tablet=&#8221;&#8221; custom_padding_phone=&#8221;&#8221; hover_enabled=&#8221;0&#8243; background_last_edited=&#8221;on|desktop&#8221; transform_styles_tablet=&#8221;&#8221; transform_styles_phone=&#8221;&#8221; border_radii_tablet=&#8221;&#8221; border_radii_phone=&#8221;&#8221; border_radii_last_edited=&#8221;on|desktop&#8221; border_width_all_tablet=&#8221;&#8221; border_width_all_phone=&#8221;&#8221; border_width_all_last_edited=&#8221;on|desktop&#8221; border_color_all_tablet=&#8221;&#8221; border_color_all_phone=&#8221;&#8221; border_color_all_last_edited=&#8221;on|desktop&#8221; border_style_all_tablet=&#8221;&#8221; border_style_all_phone=&#8221;&#8221; border_style_all_last_edited=&#8221;on|desktop&#8221; collapsed=&#8221;off&#8221; background_enable_image=&#8221;off&#8221; sticky_enabled=&#8221;0&#8243;][et_pb_row use_custom_gutter=&#8221;on&#8221; gutter_width=&#8221;1&#8243; make_equal=&#8221;on&#8221; custom_padding_last_edited=&#8221;on|desktop&#8221; disabled_on=&#8221;off|off|off&#8221; admin_label=&#8221;map&#8221; _builder_version=&#8221;4.9.4&#8243; width=&#8221;96%&#8221; width_tablet=&#8221;90%&#8221; width_phone=&#8221;100%&#8221; width_last_edited=&#8221;on|phone&#8221; max_width=&#8221;1300px&#8221; max_width_tablet=&#8221;90%&#8221; max_width_phone=&#8221;90%&#8221; max_width_last_edited=&#8221;off|phone&#8221; min_height_tablet=&#8221;&#8221; min_height_phone=&#8221;&#8221; min_height_last_edited=&#8221;on|phone&#8221; height_tablet=&#8221;&#8221; height_phone=&#8221;&#8221; height_last_edited=&#8221;on|phone&#8221; max_height_tablet=&#8221;&#8221; max_height_phone=&#8221;&#8221; max_height_last_edited=&#8221;on|phone&#8221; custom_margin=&#8221;100px||100px||false|false&#8221; custom_margin_tablet=&#8221;&#8221; custom_margin_phone=&#8221;&#8221; custom_margin_last_edited=&#8221;on|desktop&#8221; custom_padding=&#8221;0px||0px||true|false&#8221; custom_padding_tablet=&#8221;&#8221; custom_padding_phone=&#8221;&#8221; hover_enabled=&#8221;0&#8243; module_alignment_tablet=&#8221;&#8221; module_alignment_phone=&#8221;&#8221; module_alignment_last_edited=&#8221;on|phone&#8221; overflow-x_tablet=&#8221;&#8221; overflow-x_phone=&#8221;&#8221; overflow-x_last_edited=&#8221;on|desktop&#8221; overflow-y_tablet=&#8221;&#8221; overflow-y_phone=&#8221;&#8221; overflow-y_last_edited=&#8221;on|desktop&#8221; collapsed=&#8221;off&#8221; width__hover_enabled=&#8221;off|desktop&#8221; sticky_enabled=&#8221;0&#8243;][et_pb_column type=&#8221;4_4&#8243; _builder_version=&#8221;3.29.2&#8243;][et_pb_text content_tablet=&#8221;<\/p>\n<h2>CONTACTS<\/h2>\n<p>&#8221; content_phone=&#8221;<\/p>\n<h2>CONTACTS<\/h2>\n<p>&#8221; content_last_edited=&#8221;on|desktop&#8221; module_id=&#8221;lago&#8221; _builder_version=&#8221;4.9.4&#8243; header_font=&#8221;Cinzel||||||||&#8221; header_text_color=&#8221;#000000&#8243; header_2_font=&#8221;Cinzel||||||||&#8221; header_2_text_color=&#8221;#000000&#8243; header_2_font_size=&#8221;40px&#8221; custom_margin_tablet=&#8221;&#8221; custom_margin_phone=&#8221;-40px||||false|false&#8221; custom_margin_last_edited=&#8221;on|phone&#8221; custom_padding_tablet=&#8221;&#8221; custom_padding_phone=&#8221;&#8221; custom_padding_last_edited=&#8221;on|phone&#8221; animation_style=&#8221;slide&#8221; animation_direction=&#8221;bottom&#8221; hover_enabled=&#8221;0&#8243; header_font_tablet=&#8221;&#8221; header_font_phone=&#8221;&#8221; header_font_last_edited=&#8221;on|phone&#8221; header_text_align_tablet=&#8221;&#8221; header_text_align_phone=&#8221;center&#8221; header_text_align_last_edited=&#8221;on|phone&#8221; header_text_color_tablet=&#8221;&#8221; header_text_color_phone=&#8221;&#8221; header_text_color_last_edited=&#8221;on|phone&#8221; header_font_size_tablet=&#8221;&#8221; header_font_size_phone=&#8221;24px&#8221; header_font_size_last_edited=&#8221;on|phone&#8221; header_letter_spacing_tablet=&#8221;&#8221; header_letter_spacing_phone=&#8221;&#8221; header_letter_spacing_last_edited=&#8221;on|phone&#8221; header_line_height_tablet=&#8221;&#8221; header_line_height_phone=&#8221;&#8221; header_line_height_last_edited=&#8221;on|phone&#8221; header_2_font_tablet=&#8221;&#8221; header_2_font_phone=&#8221;&#8221; header_2_font_last_edited=&#8221;on|desktop&#8221; header_2_text_align_tablet=&#8221;&#8221; header_2_text_align_phone=&#8221;&#8221; header_2_text_align_last_edited=&#8221;on|desktop&#8221; header_2_text_color_tablet=&#8221;&#8221; header_2_text_color_phone=&#8221;&#8221; header_2_text_color_last_edited=&#8221;on|desktop&#8221; header_2_font_size_tablet=&#8221;32px&#8221; header_2_font_size_phone=&#8221;24px&#8221; header_2_font_size_last_edited=&#8221;on|desktop&#8221; header_2_letter_spacing_tablet=&#8221;&#8221; header_2_letter_spacing_phone=&#8221;&#8221; header_2_letter_spacing_last_edited=&#8221;on|desktop&#8221; header_2_line_height_tablet=&#8221;&#8221; header_2_line_height_phone=&#8221;&#8221; header_2_line_height_last_edited=&#8221;on|desktop&#8221; header_2_text_align=&#8221;center&#8221; sticky_enabled=&#8221;0&#8243;]<\/p>\n<h2>PRIVACY POLICY &amp; COOKIES<\/h2>\n<p>[\/et_pb_text][et_pb_text _builder_version=&#8221;4.9.4&#8243; text_font=&#8221;Ubuntu|300|||||||&#8221; text_text_color=&#8221;#6b6460&#8243; text_font_size=&#8221;16px&#8221; text_line_height=&#8221;1.8em&#8221; custom_margin=&#8221;8px||||false|false&#8221; animation_style=&#8221;slide&#8221; animation_direction=&#8221;bottom&#8221; animation_delay=&#8221;600ms&#8221; hover_enabled=&#8221;0&#8243; text_font_tablet=&#8221;&#8221; text_font_phone=&#8221;&#8221; text_font_last_edited=&#8221;on|phone&#8221; text_text_color_tablet=&#8221;&#8221; text_text_color_phone=&#8221;&#8221; text_text_color_last_edited=&#8221;on|phone&#8221; text_font_size_tablet=&#8221;&#8221; text_font_size_phone=&#8221;15px&#8221; text_font_size_last_edited=&#8221;on|phone&#8221; text_letter_spacing_tablet=&#8221;&#8221; text_letter_spacing_phone=&#8221;&#8221; text_letter_spacing_last_edited=&#8221;on|phone&#8221; text_line_height_tablet=&#8221;&#8221; text_line_height_phone=&#8221;&#8221; text_line_height_last_edited=&#8221;on|phone&#8221; text_orientation_tablet=&#8221;&#8221; text_orientation_phone=&#8221;justified&#8221; text_orientation_last_edited=&#8221;on|phone&#8221; background_layout_tablet=&#8221;&#8221; background_layout_phone=&#8221;&#8221; background_layout_last_edited=&#8221;on|phone&#8221; sticky_enabled=&#8221;0&#8243;]<\/p>\n<div style=\"text-align: justify\">\n<p><strong>BOOKING GRAVEDONA<\/strong> \u00e8 impegnato nella protezione dei Dati Personali che le vengono affidati. Pertanto, la loro gestione e la loro sicurezza vengono garantite con la massima attenzione, conformemente a quanto richiesto dalla normativa privacy (es. Regolamento UE 2016\/679).<br \/>Questa informativa, illustra chi siamo, per quali scopi potremmo utilizzare i Tuoi dati, come li gestiamo, a chi potrebbero essere comunicati (ad esempio aziende utilizzatrici, Enti Pubblici, etc..), dove potrebbero essere trasferiti e quali sono i Tuoi diritti.<\/p>\n<p>&nbsp;<\/p>\n<h4 style=\"text-align: center\"><strong>CHI TRATTERA&#8217; I MIEI DATI?<\/strong><\/h4>\n<p>I tuoi dati saranno trattati, in qualit\u00e0 di Titolari del trattamento, <strong>BOOKING GRAVEDONA<\/strong> con sede in Via Sabbati, 11<br \/>222015 Gravedona e dUniti (CO) &#8211; Italia &#8211; Telefono: +39.3518404880, <a href=\"mailto:robertomezzani70@gmail.com\" style=\"color: #CF9D6C\">email<\/a> . <strong>BOOKING GRAVEDONA<\/strong> ha provveduto alla nomina del proprio Responsabile della Protezione dei Dati Personali contattabile presso l\u2019indirizzo del Titolare del trattamento oppure mediante la sezione \u201cContattaci\u201d sul sito <a href=\"https:\/\/www.bookinggravedona.com\" style=\"color: #CF9D6C\">https:\/\/www.bookinggravedona.com<\/a>.<\/p>\n<p>&nbsp;<\/p>\n<h4 style=\"text-align: center\"><strong>PERCHE&#8217; AVETE BISOGNO DEI MIEI DATI?<\/strong><\/h4>\n<p>I Tuoi Dati personali saranno trattati per le finalit\u00e0 connesse alla gestione del rapporto contrattuale\/formativo nonch\u00e9 all\u2019erogazione di Servizi:<\/p>\n<p><strong>1.<\/strong> Modulo di contatto\/Richieste di informazioni. Con il Tuo specifico consenso i Tuoi Dati personali comuni saranno trattati per la gestione della richiesta da Te inviata.<\/p>\n<p>I dati obbligatori da fornire sono evidenziati da un asterisco (*).<\/p>\n<p>E\u2019 possibile che i Tuoi Dati personali vengano utilizzati per effettuare indagini in merito alla soddisfazione dei nostri clienti e che siate contattati (via telefono, via mail o altro mezzo) con la finalit\u00e0 di conoscere la vostra opinione sul servizio erogato da <strong>BOOKING GRAVEDONA<\/strong> .<\/p>\n<p><strong>BOOKING GRAVEDONA<\/strong> effettuer\u00e0 il trattamento: sulla base del Tuo consenso;<\/p>\n<p>&#8211; La finalit\u00e0 del punto 1 non deriva da un obbligo di legge ed il conferimento dei relativi consensi \u00e8 facoltativo.<br \/>&#8211; Per poterTi avvalere dei servizi offerti ai punti 1 \u00e8 per\u00f2 necessario il tuo consenso al trattamento dei dati.<br \/>&#8211; L\u2019eventuale parziale o totale mancato conferimento dei dati comporter\u00e0 la parziale o totale impossibilit\u00e0 di raggiungere le finalit\u00e0 di cui sopra.<br \/>&#8211; L\u2019entit\u00e0 e l\u2019adeguatezza dei Dati conferiti sar\u00e0 valutata di volta in volta, al fine di determinare le conseguenti decisioni ed evitare il trattamento di Dati eccedenti rispetto alle finalit\u00e0 perseguite.<br \/>&#8211; Non utilizzeremo i Tuoi dati personali per finalit\u00e0 diverse e ulteriori rispetto a quelle descritte nella presente informativa, se non informandoTi previamente e, ove necessario, ottenendo il Tuo consenso.<\/p>\n<p>&nbsp;<\/p>\n<h4 style=\"text-align: center\"><strong>TRATTERETE DATI PARTICOLARI?<\/strong><\/h4>\n<p>Sul sito internet <a href=\"https:\/\/www.bookinggravedona.com\" style=\"color: #CF9D6C\">&#8220;https:\/\/www.bookinggravedona.com&#8221;<\/a> non vengono richiesti Dati Particolari (ex dati sensibili). Vi invitiamo a non inserire tali tipologie di dati se non strettamente necessari.<br \/>Nel caso in cui Tu avessi deciso di comunicarci dati particolari, BOOKING GRAVEDONA si trover\u00e0 a dover trattare e raccogliere Dati per i quali la legge richiede il Tuo consenso. In alcuni casi tali Dati potrebbero essere strettamente necessari ai fini dell\u2019erogazione del servizio o della gestione della richiesta da Te inviata. In tali casi Ti comunichiamo che saranno trattati esclusivamente per le finalit\u00e0 inerenti la Tua richiesta.<\/p>\n<p>&nbsp;<\/p>\n<h4 style=\"text-align: center\"><strong>COME UTILIZZERETE I MIEI DATI?<\/strong><\/h4>\n<p><strong>BOOKING GRAVEDONA<\/strong> ha come obiettivo la tutela dei Dati personali che le vengono affidati, improntando il loro trattamento ai principi di correttezza, di liceit\u00e0 e trasparenza. Ti informiamo, pertanto, che i Tuoi Dati personali saranno trattati, tramite l\u2019utilizzo di strumenti e procedure idonei a garantirne la massima sicurezza e riservatezza, con l\u2019ausilio di supporti cartacei e digitali, mezzi informatici e telematici. Le comunicazioni di cui al punto 1) potranno avvenire in modalit\u00e0 tradizionali (es., posta cartacea, telefonate con operatore), automatizzate ed assimilabili (es: fax, e-mail, sms, mms).<br \/>Ti \u00e8 comunque data la facolt\u00e0 di esercitare il diritto di opposizione che, in assenza di Tua indicazione contraria, verr\u00e0 riferita tanto alle comunicazioni tradizionali quanto a quelle automatizzate.<br \/>Per quanto tempo conserverete le mie informazioni?<br \/>I Tuoi Dati personali saranno conservati, a partire dal loro ricevimento\/aggiornamento, per 1 anno, salvo differenti imposizioni di legge. Superato tale periodo vi verr\u00e0 richiesta la conferma del consenso al trattamento, in alternativa verranno cancellati o resi anonimi.<\/p>\n<p>&nbsp;<\/p>\n<h4 style=\"text-align: center\"><strong>CONDIVIDERETE LE MIE INFORMAZIONI CON ALTRI SOGGETTI?<\/strong><\/h4>\n<p>Ti informiamo che i Tuoi Dati potranno essere comunicati a soggetti terzi [tra cui Aziende Clienti, Professionisti, Enti bilaterali di settore ex art.24, comma 2, lettera h), Enti pubblici, Organismi di revisione o vigilanza], per adempiere ad obblighi derivanti dalla legge, regolamenti, normative comunitarie o per aspetti riguardanti la gestione ed esecuzione del rapporto contrattuale.<\/p>\n<p>Per le finalit\u00e0 di cui al punto 1 i Dati potranno eventualmente essere comunicati a Societ\u00e0 terze, che operano in collaborazione con <strong>BOOKING GRAVEDONA<\/strong> , esclusivamente per poter portare avanti le richieste da voi inviateci.<\/p>\n<p>I Dati verranno, inoltre, trattati da risorse interne agli uffici della Societ\u00e0, adeguatamente istruite, che operano in qualit\u00e0 di personale autorizzato al trattamento dei Dati.<\/p>\n<p>I Tuoi Dati personali non sono soggetti a diffusione.<\/p>\n<p>&nbsp;<\/p>\n<h4 style=\"text-align: center\"><strong>CONDIVIDERETE LE MIE INFORMAZIONI CON ALTRI SOGGETTI?<\/strong><\/h4>\n<p>In qualsiasi momento, avrai il diritto di chiedere:<\/p>\n<p>. l\u2019accesso ai tuoi dati personali;<br \/>. la loro rettifica in caso di inesattezza degli stessi;<br \/>. la cancellazione;<br \/><span style=\"font-size: 16px\">. la limitazione del loro trattamento.<\/span><\/p>\n<p>Avrai inoltre: <span style=\"font-size: 16px\">il diritto di opporti al loro trattamento:<\/span><\/p>\n<p>1. se trattati per il perseguimento di un legittimo interesse di <strong>BOOKING GRAVEDONA<\/strong> ;<\/p>\n<p>&nbsp;<\/p>\n<h4 style=\"text-align: center\"><strong>POSSO REVOCARE IL MIO CONSENSO DOPO AVERLO PRESTATO?<\/strong><\/h4>\n<p>Si, potrai revocare, in qualsiasi momento, il Tuo consenso senza che ci\u00f2 possa, tuttavia: pregiudicare la liceit\u00e0 del trattamento basato sul consenso prestato prima della revoca;<br \/>pregiudicare ulteriori trattamenti degli stessi dati fondati su altre basi giuridiche (ad esempio, obblighi contrattuali o obblighi di legge cui \u00e8 soggetta <strong>BOOKING GRAVEDONA<\/strong> ).<\/p>\n<p>Per visionare il testo completo dei diritti degli interessati, puoi leggere direttamente gli art. da 15 a 22 del Reg. UE 2016\/679 al seguente link:<\/p>\n<p><a href=\"https:\/\/eur-lex.europa.eu\/legal-content\/IT\/TXT\/PDF\/?uri=CELEX:32016R0679&amp;from=IT\" rel=\"noopener\" target=\"_blank\">https:\/\/eur-lex.europa.eu\/legal-content\/IT\/TXT\/PDF\/?uri=CELEX:32016R0679&amp;from=IT<\/a><\/p>\n<p>Per ulteriori informazioni sulla presente informativa o su qualsiasi tematica privacy, o se desideri esercitare i Tuoi diritti o revocare il Tuo consenso, potrai rivolgerti direttamente ai riferimenti indicati nella sezione \u201cChi tratter\u00e0 i miei dati\u201d. Per avere maggiori informazioni scrivere all\u2019indirizzo <a href=\"https:\/\/www.bookinggravedona.com\" style=\"color: #CF9D6C\">&#8220;https:\/\/www.bookinggravedona.com&#8221;<\/a>.<\/p>\n<p>&nbsp;<\/p>\n<h3 style=\"text-align: center\"><strong>Cookies Policy<\/strong><\/h3>\n<p><strong>A cosa servono i Cookie?<\/strong><\/p>\n<p>I Cookie sono costituiti da porzioni di codice installate all\u2019interno del browser che assistono il Titolare nell\u2019erogazione del servizio in base alle finalit\u00e0 descritte.<br \/>Alcune delle finalit\u00e0 di installazione dei Cookie potrebbero, inoltre, necessitare del consenso dell\u2019Utente.<\/p>\n<p><strong>Attivit\u00e0 strettamente necessarie al funzionamento.<\/strong><\/p>\n<p>Questo sito utilizza Cookie per salvare la sessione dell\u2019utente e per svolgere altre attivit\u00e0 strettamente necessarie al funzionamento dello stesso, ad esempio in relazione alla distribuzione del traffico.<\/p>\n<p><strong>Attivit\u00e0 di salvataggio delle preferenze, ottimizzazione e statistica.<\/strong><\/p>\n<p>Questo sito utilizza Cookie per salvare le preferenze di navigazione ed ottimizzare la tua esperienza di navigazione. Fra questi Cookie rientrano, ad esempio, quelli per impostare la lingua o per la gestione di statistiche da parte del titolare del sito.<\/p>\n<p>Per migliorare il nostro sito e comprendere quali parti o elementi siano maggiormente apprezzati dagli utenti utilizziamo anche, come strumento di analisi anonima e aggregata, un cookie di terza parte, ossia Google Analytics.<br \/>Questo cookie non \u00e8 uno strumento di nostra titolarit\u00e0, per maggiori informazioni, pertanto, \u00e8 possibile consultare l&#8217;informativa fornita da Google al seguente indirizzo:<br \/><a href=\"http:\/\/www.google.it\/policies\/privacy\/partners\/\" style=\"color: #CF9D6C\">http:\/\/www.google.it\/policies\/privacy\/partners\/<\/a><\/p>\n<p>Se preferisci che Google Analytics non utilizzi i dati raccolti in nessun modo puoi: utilizzare la navigazione anonima (opzione Do Not Track) del tuo browser.<br \/>Per sapere come attivare l&#8217;opzione sui principali motori di ricerca clicca sul browser che usi:<a href=\"http:\/\/windows.microsoft.com\/it-it\/internet-explorer\/ie-do-not-track#ie=ie-11\" style=\"color: #CF9D6C\">Internet Explorer<\/a>, <a href=\"https:\/\/support.google.com\/chrome\/answer\/95464?hl=it\" style=\"color: #CF9D6C\">Google Chrome<\/a>, <a href=\"https:\/\/support.mozilla.org\/it\/kb\/Navigazione%20anonima\" style=\"color: #CF9D6C\">Mozilla Firefox<\/a>, <a href=\"https:\/\/support.apple.com\/it-it\/HT6074\" style=\"color: #CF9D6C\">Apple Safari<\/a>.<br \/>Oppure scegliere di disattivare Google Analytics installando sul tuo browser il componente aggiuntivo per la disattivazione. <a href=\"https:\/\/tools.google.com\/dlpage\/gaoptout?hl=it\" style=\"color: #CF9D6C\">Clicca qui per scaricarlo<\/a><\/p>\n<p>&nbsp;<\/p>\n<h3 style=\"text-align: center\"><strong>Pubblicit\u00e0<\/strong><\/h3>\n<p>Questi servizi consentono di utilizzare i Dati dell\u2019Utente per finalit\u00e0 di comunicazione commerciale in diverse forme pubblicitarie, quali il banner, anche in relazione agli interessi dell\u2019Utente.<br \/>Ci\u00f2 non significa che tutti i Dati Personali vengano utilizzati per questa finalit\u00e0. Dati e condizioni di utilizzo sono indicati di seguito.<br \/>Alcuni dei servizi di seguito indicati potrebbero utilizzare Cookie per identificare l\u2019Utente o utilizzare la tecnica del behavioral retargeting, ossia visualizzare annunci pubblicitari personalizzati in base agli interessi e al comportamento dell\u2019Utente, rilevati anche al di fuori di questa Applicazione. Per avere maggiori informazioni in merito, ti suggeriamo di verificare le informative privacy dei rispettivi servizi.<\/p>\n<p>&nbsp;<\/p>\n<h4 style=\"text-align: center\"><strong>Google AdSense (Google)<\/strong><\/h4>\n<p>Google AdSense \u00e8 un servizio di advertising fornito da Google Inc. Questo servizio usa il Cookie \u201cDoubleclick\u201d, che traccia l\u2019utilizzo di questa Applicazione ed il comportamento dell\u2019Utente in relazione agli annunci pubblicitari, ai prodotti e ai servizi offerti.<br \/>L\u2019Utente pu\u00f2 decidere in qualsiasi momento di non usare il Cookie Doubleclick provvedendo alla sua disattivazione: <a href=\"google.com\/settings\/ads\/onweb\/optout?hl=it.\" style=\"color: #CF9D6C\">google.com\/settings\/ads\/onweb\/optout?hl=it.<\/a><br \/>Dati personali raccolti: Cookie e Dati di utilizzo.<br \/>Luogo del trattamento : USA \u2013 <a href=\"http:\/\/www.google.com\/policies\/technologies\/ads\/\" style=\"color: #CF9D6C\">Privacy Policy<\/a><\/p>\n<p>. Remarketing e Behavioral Targeting<br \/>. Statistica<\/p>\n<p>&nbsp;<\/p>\n<p><strong>Altre tipologie di Cookie o strumenti terzi che potrebbero farne utilizzo.<\/strong><br \/>Alcuni dei servizi elencati di seguito raccolgono statistiche in forma aggregata e potrebbero non richiedere il consenso dell\u2019Utente o potrebbero essere gestiti direttamente dal titolare \u2013 a seconda di quanto descritto \u2013 senza l\u2019ausilio di terzi.<\/p>\n<p><strong>Interazione con social network e piattaforme esterne.<\/strong><br \/>Questi servizi permettono di effettuare interazioni con i social network, o con altre piattaforme esterne, direttamente dalle pagine dell\u2019Applicazione. Le interazioni e le informazioni acquisite da questa Applicazione sono in ogni caso soggette alle impostazioni privacy dell\u2019Utente relative ad ogni social network. Nel caso in cui sia installato un servizio di interazione con i social network, \u00e8 possibile che, anche nel caso gli Utenti non utilizzino il servizio, lo stesso raccolga dati di traffico relativi alle pagine in cui \u00e8 installato.<\/p>\n<p>&nbsp;<\/p>\n<h4 style=\"text-align: center\"><strong>Pulsante Mi Piace e widget sociali di Facebook (Facebook, Inc.)<\/strong><\/h4>\n<p>Il pulsante \u201cMi Piace\u201d e i widget sociali di Facebook sono servizi di interazione con il social network Facebook, forniti da Facebook, Inc.<br \/>Dati personali raccolti: Cookie e Dati di utilizzo.<br \/>Luogo del trattamento : USA \u2013 <a href=\"https:\/\/www.facebook.com\/privacy\/explanation\" style=\"color: #CF9D6C\">Privacy Policy<\/a><\/p>\n<h4 style=\"text-align: center\"><strong>Pulsante Tweet e widget sociali di Twitter (Twitter)<\/strong><\/h4>\n<p>Il pulsante Tweet e i widget sociali di Twitter sono servizi di interazione con il social network Twitter, forniti da Twitter Inc.<br \/>Dati personali raccolti: Cookie e Dati di utilizzo.<br \/>Luogo del trattamento : USA \u2013 <a href=\"https:\/\/twitter.com\/privacy?lang=it\" style=\"color: #CF9D6C\">Privacy Policy<\/a><\/p>\n<h4 style=\"text-align: center\"><strong>Pulsante +1 e widget sociali di Google+ (Google)<\/strong><\/h4>\n<p>Il pulsante +1 e i widget sociali di Google+ sono servizi di interazione con il social network Google+, forniti da Google Inc.<br \/>Dati personali raccolti: Cookie e Dati di utilizzo.<br \/>Luogo del trattamento : USA \u2013 <a href=\"http:\/\/www.google.com\/intl\/it\/policies\/privacy\/\" style=\"color: #CF9D6C\">Privacy Policy<\/a><\/p>\n<\/div>\n<p>[\/et_pb_text][\/et_pb_column][\/et_pb_row][\/et_pb_section]<\/p>\n","protected":false},"excerpt":{"rendered":"<p>PRIVACY POLICY &amp; COOKIES BOOKING GRAVEDONA \u00e8 impegnato nella protezione dei Dati Personali che le vengono affidati. Pertanto, la loro gestione e la loro sicurezza vengono garantite con la massima attenzione, conformemente a quanto richiesto dalla normativa privacy (es. Regolamento UE 2016\/679).Questa informativa, illustra chi siamo, per quali scopi potremmo utilizzare i Tuoi dati, come [&hellip;]<\/p>\n","protected":false},"author":1,"featured_media":0,"parent":0,"menu_order":0,"comment_status":"closed","ping_status":"closed","template":"","meta":{"_seopress_robots_primary_cat":"","_et_pb_use_builder":"on","_et_pb_old_content":"","_et_gb_content_width":""},"_links":{"self":[{"href":"https:\/\/bookinggravedona.com\/en\/wp-json\/wp\/v2\/pages\/266428"}],"collection":[{"href":"https:\/\/bookinggravedona.com\/en\/wp-json\/wp\/v2\/pages"}],"about":[{"href":"https:\/\/bookinggravedona.com\/en\/wp-json\/wp\/v2\/types\/page"}],"author":[{"embeddable":true,"href":"https:\/\/bookinggravedona.com\/en\/wp-json\/wp\/v2\/users\/1"}],"replies":[{"embeddable":true,"href":"https:\/\/bookinggravedona.com\/en\/wp-json\/wp\/v2\/comments?post=266428"}],"version-history":[{"count":3,"href":"https:\/\/bookinggravedona.com\/en\/wp-json\/wp\/v2\/pages\/266428\/revisions"}],"predecessor-version":[{"id":266431,"href":"https:\/\/bookinggravedona.com\/en\/wp-json\/wp\/v2\/pages\/266428\/revisions\/266431"}],"wp:attachment":[{"href":"https:\/\/bookinggravedona.com\/en\/wp-json\/wp\/v2\/media?parent=266428"}],"curies":[{"name":"wp","href":"https:\/\/api.w.org\/{rel}","templated":true}]}}